{"id":16,"date":"2024-08-03T10:45:08","date_gmt":"2024-08-03T10:45:08","guid":{"rendered":"https:\/\/askkjaergaard.com\/?page_id=16"},"modified":"2026-03-27T09:41:05","modified_gmt":"2026-03-27T09:41:05","slug":"about","status":"publish","type":"page","link":"https:\/\/askkjaergaard.com\/index.php\/about\/","title":{"rendered":"About"},"content":{"rendered":"\n<p>Ask Kj\u00e6rgaard (b. 1982) is a Danish guitarist, pedal steel guitarist, film composer, record releasing artist and mix engineer.<\/p>\n\n\n\n<p>Originally from Grindsted, where he played in his first garage band, he later moved to Aarhus, graduating from the music conservatory in Aarhus in 2009. He is now residing in the lovely old town of Roskilde.<br>As the genre-defying artist that he is, his work has included post-modern-family-friendly-avantgarde band Acid Plutonium!, folk artist Poul Krebs, singer-songwriter Jacob Eriksen, dream-pop artist Rosenthal, dark americana-rock n roll band Leaving A Small Town, progressive grindcore\/sludge\/doom poetry Aerobic Lyrik, among many many other things&#8230;<br>Not to forget his own solo projects surf-rock band The Curse of Harry Dean, and soundtracks to Danish litterature &#8220;At fort\u00e6lle menneskene&#8221; (2015) and &#8220;Store tr\u00e6ers gr\u00f8nne m\u00f8rke&#8221; (2024).<br><br>As a film composer, Kj\u00e6rgaard has done scores for several short films and series, including the title track for &#8220;Sladderhistorie&#8221; &#8211; season 1 (DR &#8211; Danish national television)<\/p>\n\n\n\n<h3 class=\"wp-block-heading has-large-font-size\" id=\"inspiro-is-a-digital-product-agency-that-focuses-on-strategy-and-desig\" style=\"font-style:normal;font-weight:300\">Played with:<\/h3>\n\n\n\n<p>Poul Krebs (2011-2013)<br>Jacob Eriksen og Koldstart (2013)<br>Acid Plutonium!<br>Leaving A Small Town<br>Aerobic Lyrik<br>Rosenthal<br>Broody Escapades<br>Trinelise V\u00e6ring<\/p>\n\n\n\n<p><br>The House of Songs Housewarming Tour 2010 (m. Poul Krebs, Matt The Electrician, Troy Campbell, Kevin Welch, \u201cScrappy\u201d Judd Newcomb.)<br>Michael Falch og Boat Man Love<br>Charlie Sexton<br>Henrik Hall<br>Signe Svendsen<br>Rhys Chatham<br>Martin Sexton<br>JB Meijers<br>Daniel Lemma<br>Henning Kvitnes<br>Rasmus Mathiesen<\/p>\n\n\n\n<p><\/p>\n","protected":false},"excerpt":{"rendered":"<p>Ask Kj\u00e6rgaard (b. 1982) is a Danish guitarist, pedal steel guitarist, film composer, record releasing artist and mix engineer. Originally from Grindsted, where he played in his first garage band, he later moved to Aarhus, graduating from the music conservatory in Aarhus in 2009. He is now residing in the lovely old town of Roskilde.As &hellip; <\/p>\n<p class=\"link-more\"><a href=\"https:\/\/askkjaergaard.com\/index.php\/about\/\" class=\"more-link\">L\u00e6s mere<span class=\"screen-reader-text\"> \u201cAbout\u201d<\/span><\/a><\/p>\n","protected":false},"author":1,"featured_media":133,"parent":0,"menu_order":0,"comment_status":"closed","ping_status":"closed","template":"","meta":{"footnotes":""},"class_list":["post-16","page","type-page","status-publish","has-post-thumbnail","hentry"],"_links":{"self":[{"href":"https:\/\/askkjaergaard.com\/index.php\/wp-json\/wp\/v2\/pages\/16","targetHints":{"allow":["GET"]}}],"collection":[{"href":"https:\/\/askkjaergaard.com\/index.php\/wp-json\/wp\/v2\/pages"}],"about":[{"href":"https:\/\/askkjaergaard.com\/index.php\/wp-json\/wp\/v2\/types\/page"}],"author":[{"embeddable":true,"href":"https:\/\/askkjaergaard.com\/index.php\/wp-json\/wp\/v2\/users\/1"}],"replies":[{"embeddable":true,"href":"https:\/\/askkjaergaard.com\/index.php\/wp-json\/wp\/v2\/comments?post=16"}],"version-history":[{"count":12,"href":"https:\/\/askkjaergaard.com\/index.php\/wp-json\/wp\/v2\/pages\/16\/revisions"}],"predecessor-version":[{"id":163,"href":"https:\/\/askkjaergaard.com\/index.php\/wp-json\/wp\/v2\/pages\/16\/revisions\/163"}],"wp:featuredmedia":[{"embeddable":true,"href":"https:\/\/askkjaergaard.com\/index.php\/wp-json\/wp\/v2\/media\/133"}],"wp:attachment":[{"href":"https:\/\/askkjaergaard.com\/index.php\/wp-json\/wp\/v2\/media?parent=16"}],"curies":[{"name":"wp","href":"https:\/\/api.w.org\/{rel}","templated":true}]}}